{"id":9507,"date":"2024-06-29T01:02:06","date_gmt":"2024-06-28T22:02:06","guid":{"rendered":"https:\/\/opdrmuratdemirkan.com\/?page_id=9507"},"modified":"2024-07-04T10:10:45","modified_gmt":"2024-07-04T07:10:45","slug":"orumcek-agi-2","status":"publish","type":"page","link":"https:\/\/opdrmuratdemirkan.com\/index.php\/orumcek-agi-2\/","title":{"rendered":"\u00d6r\u00fcmcek a\u011f\u0131"},"content":{"rendered":"\t\t<div data-elementor-type=\"wp-page\" data-elementor-id=\"9507\" class=\"elementor elementor-9507\">\n\t\t\t\t\t\t<section class=\"elementor-section elementor-top-section elementor-element elementor-element-09fcbe0 elementor-section-boxed elementor-section-height-default elementor-section-height-default qodef-elementor-content-no\" data-id=\"09fcbe0\" data-element_type=\"section\">\n\t\t\t\t\t\t<div class=\"elementor-container elementor-column-gap-default\">\n\t\t\t\t\t<div class=\"elementor-column elementor-col-100 elementor-top-column elementor-element elementor-element-55d1679\" data-id=\"55d1679\" data-element_type=\"column\">\n\t\t\t<div class=\"elementor-widget-wrap\">\n\t\t\t\t\t\t\t<\/div>\n\t\t<\/div>\n\t\t\t\t\t<\/div>\n\t\t<\/section>\n\t\t\t\t<section class=\"elementor-section elementor-top-section elementor-element elementor-element-9a0e5d8 elementor-section-boxed elementor-section-height-default elementor-section-height-default qodef-elementor-content-no\" data-id=\"9a0e5d8\" data-element_type=\"section\">\n\t\t\t\t\t\t<div class=\"elementor-container elementor-column-gap-default\">\n\t\t\t\t\t<div class=\"elementor-column elementor-col-100 elementor-top-column elementor-element elementor-element-b642864\" data-id=\"b642864\" data-element_type=\"column\">\n\t\t\t<div class=\"elementor-widget-wrap elementor-element-populated\">\n\t\t\t\t\t\t<div class=\"elementor-element elementor-element-a51986a elementor-widget elementor-widget-text-editor\" data-id=\"a51986a\" data-element_type=\"widget\" data-widget_type=\"text-editor.default\">\n\t\t\t\t<div class=\"elementor-widget-container\">\n\t\t\t<style>\/*! elementor - v3.22.0 - 24-06-2024 *\/\n.elementor-widget-text-editor.elementor-drop-cap-view-stacked .elementor-drop-cap{background-color:#69727d;color:#fff}.elementor-widget-text-editor.elementor-drop-cap-view-framed .elementor-drop-cap{color:#69727d;border:3px solid;background-color:transparent}.elementor-widget-text-editor:not(.elementor-drop-cap-view-default) .elementor-drop-cap{margin-top:8px}.elementor-widget-text-editor:not(.elementor-drop-cap-view-default) .elementor-drop-cap-letter{width:1em;height:1em}.elementor-widget-text-editor .elementor-drop-cap{float:left;text-align:center;line-height:1;font-size:50px}.elementor-widget-text-editor .elementor-drop-cap-letter{display:inline-block}<\/style>\t\t\t\t<p><strong>\u00d6r\u00fcmcek A\u011f\u0131 Esteti\u011fi: Ameliyats\u0131z Y\u00fcz Germe ve Cilt Yenileme<\/strong><\/p><p><strong>\u00d6r\u00fcmcek A\u011f\u0131 Esteti\u011fi Nedir?<\/strong><\/p><p>\u00d6r\u00fcmcek a\u011f\u0131 esteti\u011fi, cildin alt\u0131na ince ipliklerin yerle\u015ftirilmesiyle yap\u0131lan minimal invaziv bir y\u00fcz germe ve cilt yenileme i\u015flemidir. Bu iplikler, cildin kollajen \u00fcretimini art\u0131rarak daha s\u0131k\u0131, gen\u00e7 ve canl\u0131 bir g\u00f6r\u00fcn\u00fcm sa\u011flar. \u00d6r\u00fcmcek a\u011f\u0131 esteti\u011fi, ameliyats\u0131z y\u00fcz germe olarak da bilinir ve y\u00fcz, boyun, dekolte gibi b\u00f6lgelerde kullan\u0131labilir.<\/p><p><img fetchpriority=\"high\" decoding=\"async\" class=\"alignnone wp-image-9551 size-large\" src=\"https:\/\/burgazadacazgunleri.com\/demo\/wp-content\/uploads\/2024\/07\/orumcekagiestetik-1024x768.png\" alt=\"\" width=\"1024\" height=\"768\" srcset=\"https:\/\/opdrmuratdemirkan.com\/wp-content\/uploads\/2024\/07\/orumcekagiestetik-1024x768.png 1024w, https:\/\/opdrmuratdemirkan.com\/wp-content\/uploads\/2024\/07\/orumcekagiestetik-300x225.png 300w, https:\/\/opdrmuratdemirkan.com\/wp-content\/uploads\/2024\/07\/orumcekagiestetik-768x576.png 768w, https:\/\/opdrmuratdemirkan.com\/wp-content\/uploads\/2024\/07\/orumcekagiestetik.png 1440w\" sizes=\"(max-width: 1024px) 100vw, 1024px\" \/><\/p><p><strong>\u00d6r\u00fcmcek A\u011f\u0131 Esteti\u011finin Faydalar\u0131<\/strong><\/p><ul><li><strong>Cilt S\u0131k\u0131la\u015ft\u0131rma<\/strong>: \u0130plikler, cildin alt\u0131na yerle\u015ftirildi\u011finde kollajen \u00fcretimini te\u015fvik eder ve cildin s\u0131k\u0131la\u015fmas\u0131n\u0131 sa\u011flar.<\/li><li><strong>Ameliyats\u0131z Y\u00fcz Germe<\/strong>: Cerrahi m\u00fcdahale gerektirmeyen bu y\u00f6ntem, h\u0131zl\u0131 ve etkili bir y\u00fcz germe sa\u011flar.<\/li><li><strong>H\u0131zl\u0131 \u0130yile\u015fme<\/strong>: \u0130\u015flem sonras\u0131 iyile\u015fme s\u00fcreci k\u0131sad\u0131r ve hasta g\u00fcnl\u00fck ya\u015fant\u0131s\u0131na hemen d\u00f6nebilir.<\/li><li><strong>Do\u011fal Sonu\u00e7lar<\/strong>: Ciltte do\u011fal bir germe ve s\u0131k\u0131la\u015fma etkisi yarat\u0131r.<\/li><li><strong>Uzun S\u00fcreli Etki<\/strong>: Kollajen \u00fcretiminin artmas\u0131yla birlikte ciltte uzun s\u00fcreli bir gen\u00e7le\u015fme etkisi g\u00f6r\u00fcl\u00fcr.<\/li><\/ul><p><strong>\u00d6r\u00fcmcek A\u011f\u0131 Esteti\u011fi Hangi Alanlarda Kullan\u0131l\u0131r?<\/strong><\/p><ul><li><strong>Y\u00fcz Germe<\/strong>: Yanaklar, \u00e7ene hatt\u0131, al\u0131n ve g\u00f6z \u00e7evresi gibi y\u00fcz b\u00f6lgelerinde cilt s\u0131k\u0131la\u015ft\u0131rma ve germe sa\u011flar.<\/li><li><strong>Boyun<\/strong>: Boyun b\u00f6lgesindeki sarkmalar\u0131n ve k\u0131r\u0131\u015f\u0131kl\u0131klar\u0131n azalt\u0131lmas\u0131nda etkilidir.<\/li><li><strong>Dekolte<\/strong>: Dekolte b\u00f6lgesindeki cilt gev\u015femesi ve k\u0131r\u0131\u015f\u0131kl\u0131klar\u0131n giderilmesine yard\u0131mc\u0131 olur.<\/li><li><strong>Kollar ve Bacaklar<\/strong>: Kollardaki ve bacaklardaki cilt sarkmalar\u0131n\u0131 azaltmak i\u00e7in kullan\u0131labilir.<\/li><\/ul><p><strong>\u00d6r\u00fcmcek A\u011f\u0131 Esteti\u011fi Nas\u0131l Yap\u0131l\u0131r?<\/strong><\/p><p>\u00d6r\u00fcmcek a\u011f\u0131 esteti\u011fi, uzman doktorlar taraf\u0131ndan steril klinik ortam\u0131nda ger\u00e7ekle\u015ftirilir. \u0130\u015flem \u015fu ad\u0131mlarla yap\u0131l\u0131r:<\/p><ol><li><strong>Dan\u0131\u015fma ve De\u011ferlendirme<\/strong>: \u0130lk olarak, hastan\u0131n ihtiya\u00e7lar\u0131 ve beklentileri de\u011ferlendirilir. Hangi b\u00f6lgelerde ipliklerin kullan\u0131laca\u011f\u0131 belirlenir.<\/li><li><strong>Haz\u0131rl\u0131k<\/strong>: Tedavi alan\u0131 temizlenir ve lokal anestezi uygulan\u0131r.<\/li><li><strong>\u0130pliklerin Yerle\u015ftirilmesi<\/strong>: \u0130nce iplikler, ince i\u011fneler veya kan\u00fcller kullan\u0131larak cildin alt\u0131na yerle\u015ftirilir. Bu i\u015flem genellikle birka\u00e7 dakika s\u00fcrer.<\/li><li><strong>Sonras\u0131 Bak\u0131m<\/strong>: \u0130\u015flem sonras\u0131 hasta g\u00fcnl\u00fck ya\u015fant\u0131s\u0131na hemen d\u00f6nebilir. \u0130\u015flem b\u00f6lgelerinde hafif k\u0131zar\u0131kl\u0131k veya \u015fi\u015flik olabilir, ancak bunlar genellikle k\u0131sa s\u00fcrede ge\u00e7er.<\/li><\/ol><p><strong>\u00d6r\u00fcmcek A\u011f\u0131 Esteti\u011finin Yan Etkileri Var m\u0131?<\/strong><\/p><p>\u00d6r\u00fcmcek a\u011f\u0131 esteti\u011fi, genellikle g\u00fcvenli bir i\u015flemdir ve ciddi yan etkileri nadirdir. Ancak, her t\u0131bbi prosed\u00fcrde oldu\u011fu gibi baz\u0131 hafif yan etkiler g\u00f6r\u00fclebilir:<\/p><ul><li>Enjeksiyon b\u00f6lgelerinde hafif k\u0131zar\u0131kl\u0131k, \u015fi\u015flik veya morarma<\/li><li>Ge\u00e7ici rahats\u0131zl\u0131k veya a\u011fr\u0131<\/li><li>Nadir durumlarda enfeksiyon veya ipliklerin yer de\u011fi\u015ftirmesi<\/li><\/ul><p><strong>Neden Dr. Murat Demirkan&#8217;\u0131 Tercih Etmelisiniz?<\/strong><\/p><p>Op. Dr. Murat Demirkan, estetik ve rekonstr\u00fcktif cerrahi alan\u0131nda geni\u015f bir deneyime sahip, uzman bir doktordur. \u00d6r\u00fcmcek a\u011f\u0131 esteti\u011fi ve di\u011fer estetik uygulamalarda y\u00fcksek ba\u015far\u0131 oranlar\u0131 ile bilinen Dr. Demirkan, hastalar\u0131n\u0131n memnuniyetini \u00f6n planda tutarak, en iyi sonu\u00e7lar\u0131 elde etmelerini sa\u011flamaktad\u0131r.<\/p>\t\t\t\t\t\t<\/div>\n\t\t\t\t<\/div>\n\t\t\t\t\t<\/div>\n\t\t<\/div>\n\t\t\t\t\t<\/div>\n\t\t<\/section>\n\t\t\t\t<\/div>\n\t\t","protected":false},"excerpt":{"rendered":"<p>\u00d6r\u00fcmcek A\u011f\u0131 Esteti\u011fi: Ameliyats\u0131z Y\u00fcz Germe ve Cilt Yenileme \u00d6r\u00fcmcek A\u011f\u0131 Esteti\u011fi Nedir? \u00d6r\u00fcmcek a\u011f\u0131 esteti\u011fi, cildin alt\u0131na ince ipliklerin yerle\u015ftirilmesiyle yap\u0131lan minimal invaziv bir y\u00fcz germe ve cilt yenileme i\u015flemidir. Bu iplikler, cildin kollajen \u00fcretimini art\u0131rarak daha s\u0131k\u0131, gen\u00e7 ve canl\u0131 bir g\u00f6r\u00fcn\u00fcm sa\u011flar. \u00d6r\u00fcmcek a\u011f\u0131 esteti\u011fi, ameliyats\u0131z y\u00fcz germe olarak da bilinir ve [&hellip;]<\/p>\n","protected":false},"author":1,"featured_media":0,"parent":0,"menu_order":0,"comment_status":"closed","ping_status":"closed","template":"","meta":{"_joinchat":[],"footnotes":""},"class_list":["post-9507","page","type-page","status-publish","hentry"],"_links":{"self":[{"href":"https:\/\/opdrmuratdemirkan.com\/index.php\/wp-json\/wp\/v2\/pages\/9507","targetHints":{"allow":["GET"]}}],"collection":[{"href":"https:\/\/opdrmuratdemirkan.com\/index.php\/wp-json\/wp\/v2\/pages"}],"about":[{"href":"https:\/\/opdrmuratdemirkan.com\/index.php\/wp-json\/wp\/v2\/types\/page"}],"author":[{"embeddable":true,"href":"https:\/\/opdrmuratdemirkan.com\/index.php\/wp-json\/wp\/v2\/users\/1"}],"replies":[{"embeddable":true,"href":"https:\/\/opdrmuratdemirkan.com\/index.php\/wp-json\/wp\/v2\/comments?post=9507"}],"version-history":[{"count":4,"href":"https:\/\/opdrmuratdemirkan.com\/index.php\/wp-json\/wp\/v2\/pages\/9507\/revisions"}],"predecessor-version":[{"id":9655,"href":"https:\/\/opdrmuratdemirkan.com\/index.php\/wp-json\/wp\/v2\/pages\/9507\/revisions\/9655"}],"wp:attachment":[{"href":"https:\/\/opdrmuratdemirkan.com\/index.php\/wp-json\/wp\/v2\/media?parent=9507"}],"curies":[{"name":"wp","href":"https:\/\/api.w.org\/{rel}","templated":true}]}}