{"id":9447,"date":"2024-06-29T00:57:30","date_gmt":"2024-06-28T21:57:30","guid":{"rendered":"https:\/\/opdrmuratdemirkan.com\/?page_id=9447"},"modified":"2024-07-04T10:01:12","modified_gmt":"2024-07-04T07:01:12","slug":"vajinoplasti","status":"publish","type":"page","link":"https:\/\/opdrmuratdemirkan.com\/index.php\/vajinoplasti\/","title":{"rendered":"Vajinoplasti"},"content":{"rendered":"\t\t<div data-elementor-type=\"wp-page\" data-elementor-id=\"9447\" class=\"elementor elementor-9447\">\n\t\t\t\t\t\t<section class=\"elementor-section elementor-top-section elementor-element elementor-element-f2620fd elementor-section-boxed elementor-section-height-default elementor-section-height-default qodef-elementor-content-no\" data-id=\"f2620fd\" data-element_type=\"section\">\n\t\t\t\t\t\t<div class=\"elementor-container elementor-column-gap-default\">\n\t\t\t\t\t<div class=\"elementor-column elementor-col-100 elementor-top-column elementor-element elementor-element-ec35d1c\" data-id=\"ec35d1c\" data-element_type=\"column\">\n\t\t\t<div class=\"elementor-widget-wrap elementor-element-populated\">\n\t\t\t\t\t\t<div class=\"elementor-element elementor-element-ecf6977 elementor-widget elementor-widget-text-editor\" data-id=\"ecf6977\" data-element_type=\"widget\" data-widget_type=\"text-editor.default\">\n\t\t\t\t<div class=\"elementor-widget-container\">\n\t\t\t<style>\/*! elementor - v3.22.0 - 24-06-2024 *\/\n.elementor-widget-text-editor.elementor-drop-cap-view-stacked .elementor-drop-cap{background-color:#69727d;color:#fff}.elementor-widget-text-editor.elementor-drop-cap-view-framed .elementor-drop-cap{color:#69727d;border:3px solid;background-color:transparent}.elementor-widget-text-editor:not(.elementor-drop-cap-view-default) .elementor-drop-cap{margin-top:8px}.elementor-widget-text-editor:not(.elementor-drop-cap-view-default) .elementor-drop-cap-letter{width:1em;height:1em}.elementor-widget-text-editor .elementor-drop-cap{float:left;text-align:center;line-height:1;font-size:50px}.elementor-widget-text-editor .elementor-drop-cap-letter{display:inline-block}<\/style>\t\t\t\t<p><strong>Vajinoplasti: Estetik ve Fonksiyonel \u0130yile\u015fme &#8211; Op. Dr. Murat Demirkan<\/strong><\/p><p><strong>Vajinoplasti Nedir?<\/strong><\/p><p>Vajinoplasti, vajinal b\u00f6lgede estetik ve fonksiyonel iyile\u015ftirmeler sa\u011flamak amac\u0131yla yap\u0131lan cerrahi bir prosed\u00fcrd\u00fcr. Op. Dr. Murat Demirkan taraf\u0131ndan uygulanan bu y\u00f6ntem, do\u011fum sonras\u0131 gev\u015femi\u015f veya ya\u015fla birlikte elastikiyetini kaybetmi\u015f vajinal dokular\u0131 onararak, kad\u0131nlar\u0131n hem estetik hem de i\u015flevsel a\u00e7\u0131dan daha iyi bir ya\u015fam kalitesi s\u00fcrmelerine yard\u0131mc\u0131 olur.<\/p><p><img fetchpriority=\"high\" decoding=\"async\" class=\"alignnone wp-image-9561 size-large\" src=\"https:\/\/burgazadacazgunleri.com\/demo\/wp-content\/uploads\/2024\/07\/vajinaplasti-1024x768.png\" alt=\"\" width=\"1024\" height=\"768\" srcset=\"https:\/\/opdrmuratdemirkan.com\/wp-content\/uploads\/2024\/07\/vajinaplasti-1024x768.png 1024w, https:\/\/opdrmuratdemirkan.com\/wp-content\/uploads\/2024\/07\/vajinaplasti-300x225.png 300w, https:\/\/opdrmuratdemirkan.com\/wp-content\/uploads\/2024\/07\/vajinaplasti-768x576.png 768w, https:\/\/opdrmuratdemirkan.com\/wp-content\/uploads\/2024\/07\/vajinaplasti.png 1440w\" sizes=\"(max-width: 1024px) 100vw, 1024px\" \/><\/p><p><strong>Vajinoplasti Uygulamas\u0131n\u0131n Faydalar\u0131<\/strong><\/p><ul><li><strong>Estetik \u0130yile\u015ftirme<\/strong>: Vajinoplasti, vajinal b\u00f6lgenin daha gen\u00e7 ve estetik bir g\u00f6r\u00fcn\u00fcm kazanmas\u0131n\u0131 sa\u011flar.<\/li><li><strong>Fonksiyonel Yenileme<\/strong>: \u0130\u015flem, vajinal kaslar\u0131n s\u0131k\u0131la\u015ft\u0131r\u0131lmas\u0131na yard\u0131mc\u0131 olarak cinsel ili\u015fki s\u0131ras\u0131nda daha iyi bir deneyim sunar.<\/li><li><strong>Artan \u00d6zg\u00fcven<\/strong>: Estetik ve fonksiyonel iyile\u015ftirmeler, kad\u0131nlar\u0131n kendilerini daha iyi hissetmelerine ve \u00f6zg\u00fcvenlerinin artmas\u0131na katk\u0131da bulunur.<\/li><li><strong>Rahatl\u0131k ve Konfor<\/strong>: Vajinoplasti, fiziksel aktiviteler ve g\u00fcnl\u00fck ya\u015fant\u0131da daha fazla rahatl\u0131k sa\u011flar.<\/li><\/ul><p><strong>Vajinoplasti Uygulama S\u00fcreci<\/strong><\/p><p>Op. Dr. Murat Demirkan, hastalar\u0131na \u00f6zel ve gizlili\u011fe \u00f6nem veren bir ortamda, modern t\u0131bbi tekniklerle vajinoplasti prosed\u00fcr\u00fcn\u00fc ger\u00e7ekle\u015ftirir. \u0130\u015flem genellikle 1-2 saat s\u00fcrer ve \u00e7o\u011funlukla lokal anestezi alt\u0131nda yap\u0131l\u0131r. Hastalar\u0131n \u00e7o\u011fu, i\u015flem sonras\u0131 ayn\u0131 g\u00fcn i\u00e7inde evlerine d\u00f6nebilir. \u0130yile\u015fme s\u00fcreci ise ki\u015fiye ve i\u015flemin kapsam\u0131na g\u00f6re de\u011fi\u015fiklik g\u00f6sterebilir.<\/p><p><strong>Kimler \u0130\u00e7in Uygun?<\/strong><\/p><p>Vajinoplasti, \u00f6zellikle \u00e7ok say\u0131da do\u011fum yapm\u0131\u015f veya vajinal b\u00f6lgede ya\u015fa ba\u011fl\u0131 de\u011fi\u015fiklikler ya\u015fayan kad\u0131nlar i\u00e7in uygun bir se\u00e7enektir. Ancak, her cerrahi m\u00fcdahale gibi, vajinoplasti de belirli sa\u011fl\u0131k ko\u015fullar\u0131na sahip bireyler i\u00e7in uygun olmayabilir. Bu nedenle, i\u015flem \u00f6ncesinde Op. Dr. Murat Demirkan ile detayl\u0131 bir de\u011ferlendirme yap\u0131lmas\u0131 \u00f6nemlidir.<\/p><p><strong>Neden Op. Dr. Murat Demirkan?<\/strong><\/p><p>Op. Dr. Murat Demirkan, estetik ve rekonstr\u00fcktif cerrahi alan\u0131nda geni\u015f deneyime sahip bir uzmand\u0131r. Hastalar\u0131na \u00f6zel tedavi planlar\u0131 sunarak, onlar\u0131n ihtiya\u00e7lar\u0131na g\u00f6re en iyi sonu\u00e7lar\u0131 elde etmelerini sa\u011flar. G\u00fcvenli ve konforlu bir tedavi s\u00fcreci i\u00e7in tercih edilen Dr. Demirkan, vajinoplasti alan\u0131ndaki ba\u015far\u0131lar\u0131yla tan\u0131n\u0131r.<\/p>\t\t\t\t\t\t<\/div>\n\t\t\t\t<\/div>\n\t\t\t\t\t<\/div>\n\t\t<\/div>\n\t\t\t\t\t<\/div>\n\t\t<\/section>\n\t\t\t\t<\/div>\n\t\t","protected":false},"excerpt":{"rendered":"<p>Vajinoplasti: Estetik ve Fonksiyonel \u0130yile\u015fme &#8211; Op. Dr. Murat Demirkan Vajinoplasti Nedir? Vajinoplasti, vajinal b\u00f6lgede estetik ve fonksiyonel iyile\u015ftirmeler sa\u011flamak amac\u0131yla yap\u0131lan cerrahi bir prosed\u00fcrd\u00fcr. Op. Dr. Murat Demirkan taraf\u0131ndan uygulanan bu y\u00f6ntem, do\u011fum sonras\u0131 gev\u015femi\u015f veya ya\u015fla birlikte elastikiyetini kaybetmi\u015f vajinal dokular\u0131 onararak, kad\u0131nlar\u0131n hem estetik hem de i\u015flevsel a\u00e7\u0131dan daha iyi bir ya\u015fam [&hellip;]<\/p>\n","protected":false},"author":1,"featured_media":0,"parent":0,"menu_order":0,"comment_status":"closed","ping_status":"closed","template":"","meta":{"_joinchat":[],"footnotes":""},"class_list":["post-9447","page","type-page","status-publish","hentry"],"_links":{"self":[{"href":"https:\/\/opdrmuratdemirkan.com\/index.php\/wp-json\/wp\/v2\/pages\/9447","targetHints":{"allow":["GET"]}}],"collection":[{"href":"https:\/\/opdrmuratdemirkan.com\/index.php\/wp-json\/wp\/v2\/pages"}],"about":[{"href":"https:\/\/opdrmuratdemirkan.com\/index.php\/wp-json\/wp\/v2\/types\/page"}],"author":[{"embeddable":true,"href":"https:\/\/opdrmuratdemirkan.com\/index.php\/wp-json\/wp\/v2\/users\/1"}],"replies":[{"embeddable":true,"href":"https:\/\/opdrmuratdemirkan.com\/index.php\/wp-json\/wp\/v2\/comments?post=9447"}],"version-history":[{"count":4,"href":"https:\/\/opdrmuratdemirkan.com\/index.php\/wp-json\/wp\/v2\/pages\/9447\/revisions"}],"predecessor-version":[{"id":9641,"href":"https:\/\/opdrmuratdemirkan.com\/index.php\/wp-json\/wp\/v2\/pages\/9447\/revisions\/9641"}],"wp:attachment":[{"href":"https:\/\/opdrmuratdemirkan.com\/index.php\/wp-json\/wp\/v2\/media?parent=9447"}],"curies":[{"name":"wp","href":"https:\/\/api.w.org\/{rel}","templated":true}]}}