{"id":226,"date":"2020-02-04T15:13:08","date_gmt":"2020-02-04T15:13:08","guid":{"rendered":"https:\/\/touchup.qodeinteractive.com\/?page_id=226"},"modified":"2024-07-04T16:33:10","modified_gmt":"2024-07-04T13:33:10","slug":"about-us","status":"publish","type":"page","link":"https:\/\/opdrmuratdemirkan.com\/about-us\/","title":{"rendered":"Hakk\u0131m\u0131zda"},"content":{"rendered":"\t\t<div data-elementor-type=\"wp-page\" data-elementor-id=\"226\" class=\"elementor elementor-226\">\n\t\t\t\t\t\t<section class=\"elementor-section elementor-top-section elementor-element elementor-element-28e22ad elementor-section-boxed elementor-section-height-default elementor-section-height-default qodef-elementor-content-no\" data-id=\"28e22ad\" data-element_type=\"section\">\n\t\t\t\t\t\t<div class=\"elementor-container elementor-column-gap-default\">\n\t\t\t\t\t<div class=\"elementor-column elementor-col-100 elementor-top-column elementor-element elementor-element-a19ba51\" data-id=\"a19ba51\" data-element_type=\"column\">\n\t\t\t<div class=\"elementor-widget-wrap elementor-element-populated\">\n\t\t\t\t\t\t<div class=\"elementor-element elementor-element-aeded96 elementor-widget elementor-widget-spacer\" data-id=\"aeded96\" data-element_type=\"widget\" data-widget_type=\"spacer.default\">\n\t\t\t\t<div class=\"elementor-widget-container\">\n\t\t\t<style>\/*! elementor - v3.22.0 - 24-06-2024 *\/\n.elementor-column .elementor-spacer-inner{height:var(--spacer-size)}.e-con{--container-widget-width:100%}.e-con-inner>.elementor-widget-spacer,.e-con>.elementor-widget-spacer{width:var(--container-widget-width,var(--spacer-size));--align-self:var(--container-widget-align-self,initial);--flex-shrink:0}.e-con-inner>.elementor-widget-spacer>.elementor-widget-container,.e-con>.elementor-widget-spacer>.elementor-widget-container{height:100%;width:100%}.e-con-inner>.elementor-widget-spacer>.elementor-widget-container>.elementor-spacer,.e-con>.elementor-widget-spacer>.elementor-widget-container>.elementor-spacer{height:100%}.e-con-inner>.elementor-widget-spacer>.elementor-widget-container>.elementor-spacer>.elementor-spacer-inner,.e-con>.elementor-widget-spacer>.elementor-widget-container>.elementor-spacer>.elementor-spacer-inner{height:var(--container-widget-height,var(--spacer-size))}.e-con-inner>.elementor-widget-spacer.elementor-widget-empty,.e-con>.elementor-widget-spacer.elementor-widget-empty{position:relative;min-height:22px;min-width:22px}.e-con-inner>.elementor-widget-spacer.elementor-widget-empty .elementor-widget-empty-icon,.e-con>.elementor-widget-spacer.elementor-widget-empty .elementor-widget-empty-icon{position:absolute;top:0;bottom:0;left:0;right:0;margin:auto;padding:0;width:22px;height:22px}<\/style>\t\t<div class=\"elementor-spacer\">\n\t\t\t<div class=\"elementor-spacer-inner\"><\/div>\n\t\t<\/div>\n\t\t\t\t<\/div>\n\t\t\t\t<\/div>\n\t\t\t\t<div class=\"elementor-element elementor-element-557d675 elementor-widget elementor-widget-text-editor\" data-id=\"557d675\" data-element_type=\"widget\" data-widget_type=\"text-editor.default\">\n\t\t\t\t<div class=\"elementor-widget-container\">\n\t\t\t<style>\/*! elementor - v3.22.0 - 24-06-2024 *\/\n.elementor-widget-text-editor.elementor-drop-cap-view-stacked .elementor-drop-cap{background-color:#69727d;color:#fff}.elementor-widget-text-editor.elementor-drop-cap-view-framed .elementor-drop-cap{color:#69727d;border:3px solid;background-color:transparent}.elementor-widget-text-editor:not(.elementor-drop-cap-view-default) .elementor-drop-cap{margin-top:8px}.elementor-widget-text-editor:not(.elementor-drop-cap-view-default) .elementor-drop-cap-letter{width:1em;height:1em}.elementor-widget-text-editor .elementor-drop-cap{float:left;text-align:center;line-height:1;font-size:50px}.elementor-widget-text-editor .elementor-drop-cap-letter{display:inline-block}<\/style>\t\t\t\t<p>2005 y\u0131l\u0131nda Ankara \u00dcniversitesi t\u0131p fak\u00fcltesi mezunuyum. 2006 y\u0131l\u0131nda TUS\u2019u (t\u0131pta uzmanl\u0131k s\u0131nav\u0131) kazanarak; 2008 y\u0131l\u0131na kadar Ege \u00dcniversitesi T\u0131p Fak\u00fcltesi hastanesinde \u0130\u00e7 Hastal\u0131klar\u0131 asistanl\u0131\u011f\u0131 yapt\u0131m. Ayn\u0131 y\u0131llarda \u0130zmir\u2019de \u00e7e\u015fitli \u00f6zel hastane ve t\u0131p merkezlerinde acil hekimi olarak \u00e7al\u0131\u015ft\u0131m. 2008 y\u0131l\u0131nda TUS\u2019u tekrar kazanarak Adnan Menderes \u00dcniversitesi T\u0131p Fak\u00fcltesi Hastanesi Kad\u0131n Hastal\u0131klar\u0131 ve Do\u011fum klini\u011finde asistan doktor olarak g\u00f6reve ba\u015flad\u0131m. 2013 y\u0131l\u0131nda obstetri ve jinekoloji alan\u0131nda uzman doktor \u00fcnvan\u0131n\u0131 ald\u0131m. Sonras\u0131nda Siirt ilinde uzman hekim olarak zorunlu hizmetimi tamamlad\u0131m. Ard\u0131ndan 2014 y\u0131l\u0131nda Akhisar Devlet Hastanesi\u2019ne atand\u0131m. 2017 y\u0131l\u0131nda \u00d6zel Akhisar Hastanesine ge\u00e7tim. 2014 y\u0131l\u0131ndan itibaren \u00fcst uzmanl\u0131k seviyesinde jinekolojik laparoskopik ameliyatlar\u0131(kapal\u0131 y\u00f6ntem ameliyat) \u00e7ok say\u0131da yapt\u0131m. 2020-2023 y\u0131llar\u0131 aras\u0131nda \u00d6zel Sar\u0131k\u0131z hastanesinde \u00e7al\u0131\u015ft\u0131m. 2023 Ekim ay\u0131ndan itibaren Salihli Can Hastanesinde Kad\u0131n Hastal\u0131klar\u0131 ve Do\u011fum uzman hekimi olarak \u00e7al\u0131\u015fmaktay\u0131m. Ayr\u0131ca Can Hastanesi Estetik ve G\u00fczellik Merkezinin sorumlu hekimiyim. Burada ayn\u0131 zamanda Medikal Estetik Hekimli\u011fi yapmaktay\u0131m. Bunun yan\u0131s\u0131ra Kozmetik Jinekoloji ile ilgili cerrahi olmayan i\u015flemler ve kad\u0131n genital estetik cerrahisi ile ilgili ameliyatlar\u0131 hastane \u015fartlar\u0131nda yap\u0131yorum. Hobilerim aras\u0131nda Ju-Jitsu, MMA(kar\u0131\u015f\u0131k d\u00f6v\u00fc\u015f sanatlar\u0131) ve Windsurf(r\u00fczgar s\u00f6rf\u00fc)\u00a0yer\u00a0almaktad\u0131r.<\/p>\t\t\t\t\t\t<\/div>\n\t\t\t\t<\/div>\n\t\t\t\t\t<\/div>\n\t\t<\/div>\n\t\t\t\t\t<\/div>\n\t\t<\/section>\n\t\t\t\t<\/div>\n\t\t","protected":false},"excerpt":{"rendered":"<p>2005 y\u0131l\u0131nda Ankara \u00dcniversitesi t\u0131p fak\u00fcltesi mezunuyum. 2006 y\u0131l\u0131nda TUS\u2019u (t\u0131pta uzmanl\u0131k s\u0131nav\u0131) kazanarak; 2008 y\u0131l\u0131na kadar Ege \u00dcniversitesi T\u0131p Fak\u00fcltesi hastanesinde \u0130\u00e7 Hastal\u0131klar\u0131 asistanl\u0131\u011f\u0131 yapt\u0131m. Ayn\u0131 y\u0131llarda \u0130zmir\u2019de \u00e7e\u015fitli \u00f6zel hastane ve t\u0131p merkezlerinde acil hekimi olarak \u00e7al\u0131\u015ft\u0131m. 2008 y\u0131l\u0131nda TUS\u2019u tekrar kazanarak Adnan Menderes \u00dcniversitesi T\u0131p Fak\u00fcltesi Hastanesi Kad\u0131n Hastal\u0131klar\u0131 ve Do\u011fum klini\u011finde [&hellip;]<\/p>\n","protected":false},"author":1,"featured_media":0,"parent":0,"menu_order":0,"comment_status":"closed","ping_status":"closed","template":"page-full-width.php","meta":{"_joinchat":[],"footnotes":""},"class_list":["post-226","page","type-page","status-publish","hentry"],"_links":{"self":[{"href":"https:\/\/opdrmuratdemirkan.com\/wp-json\/wp\/v2\/pages\/226","targetHints":{"allow":["GET"]}}],"collection":[{"href":"https:\/\/opdrmuratdemirkan.com\/wp-json\/wp\/v2\/pages"}],"about":[{"href":"https:\/\/opdrmuratdemirkan.com\/wp-json\/wp\/v2\/types\/page"}],"author":[{"embeddable":true,"href":"https:\/\/opdrmuratdemirkan.com\/wp-json\/wp\/v2\/users\/1"}],"replies":[{"embeddable":true,"href":"https:\/\/opdrmuratdemirkan.com\/wp-json\/wp\/v2\/comments?post=226"}],"version-history":[{"count":8,"href":"https:\/\/opdrmuratdemirkan.com\/wp-json\/wp\/v2\/pages\/226\/revisions"}],"predecessor-version":[{"id":9719,"href":"https:\/\/opdrmuratdemirkan.com\/wp-json\/wp\/v2\/pages\/226\/revisions\/9719"}],"wp:attachment":[{"href":"https:\/\/opdrmuratdemirkan.com\/wp-json\/wp\/v2\/media?parent=226"}],"curies":[{"name":"wp","href":"https:\/\/api.w.org\/{rel}","templated":true}]}}